{"id":5982,"date":"2022-04-25T13:05:00","date_gmt":"2022-04-25T10:05:00","guid":{"rendered":"https:\/\/www.erhanreklam.com\/?page_id=5982"},"modified":"2024-11-02T00:21:41","modified_gmt":"2024-11-01T21:21:41","slug":"services","status":"publish","type":"page","link":"https:\/\/www.erhan-ci.com\/fr\/services\/","title":{"rendered":"Prestations de service"},"content":{"rendered":"<div id=\"fws_69e0300f6e78a\"  data-column-margin=\"default\" data-midnight=\"dark\"  class=\"wpb_row vc_row-fluid vc_row\"  style=\"padding-top: 0px; padding-bottom: 0px; \"><div class=\"row-bg-wrap\" data-bg-animation=\"none\" data-bg-overlay=\"false\"><div class=\"inner-wrap\"><div class=\"row-bg viewport-desktop\"  style=\"\"><\/div><\/div><\/div><div class=\"row_col_wrap_12 col span_12 dark left\">\n\t<div  class=\"vc_col-sm-6 wpb_column column_container vc_column_container col no-extra-padding inherit_tablet inherit_phone\"  data-padding-pos=\"all\" data-has-bg-color=\"false\" data-bg-color=\"\" data-bg-opacity=\"1\" data-animation=\"\" data-delay=\"0\" >\n\t\t<div class=\"vc_column-inner\" >\n\t\t\t<div class=\"wpb_wrapper\">\n\t\t\t\t\n<div class=\"wpb_text_column wpb_content_element\" >\n\t<div class=\"wpb_wrapper\">\n\t\t<h2><strong>CONCEPTION<\/strong><\/h2>\n<p>Conform\u00e9ment aux demandes et aux attentes de nos clients, nous concevons des projets d\u2019application d\u2019identit\u00e9 d\u2019entreprise avec notre \u00e9quipe de conception exp\u00e9riment\u00e9e et les pr\u00e9parons pr\u00eats pour la production.<\/p>\n\t<\/div>\n<\/div>\n\n\n\n\n\t\t\t<\/div> \n\t\t<\/div>\n\t<\/div> \n\n\t<div  class=\"vc_col-sm-6 wpb_column column_container vc_column_container col no-extra-padding inherit_tablet inherit_phone\"  data-padding-pos=\"all\" data-has-bg-color=\"false\" data-bg-color=\"\" data-bg-opacity=\"1\" data-animation=\"\" data-delay=\"0\" >\n\t\t<div class=\"vc_column-inner\" >\n\t\t\t<div class=\"wpb_wrapper\">\n\t\t\t\t<div class=\"img-with-aniamtion-wrap center\" data-max-width=\"100%\" data-max-width-mobile=\"default\" data-shadow=\"none\" data-animation=\"fade-in\" >\n      <div class=\"inner\">\n        <div class=\"hover-wrap\"> \n          <div class=\"hover-wrap-inner\">\n            <img loading=\"lazy\" decoding=\"async\" class=\"img-with-animation skip-lazy\" data-delay=\"0\" height=\"600\" width=\"1200\" data-animation=\"fade-in\" src=\"https:\/\/www.erhan-ci.com\/wp-content\/uploads\/2022\/05\/Hizmet6.jpg\" alt=\"\" srcset=\"https:\/\/www.erhan-ci.com\/wp-content\/uploads\/2022\/05\/Hizmet6.jpg 1200w, https:\/\/www.erhan-ci.com\/wp-content\/uploads\/2022\/05\/Hizmet6-300x150.jpg 300w, https:\/\/www.erhan-ci.com\/wp-content\/uploads\/2022\/05\/Hizmet6-1024x512.jpg 1024w, https:\/\/www.erhan-ci.com\/wp-content\/uploads\/2022\/05\/Hizmet6-768x384.jpg 768w, https:\/\/www.erhan-ci.com\/wp-content\/uploads\/2022\/05\/Hizmet6-1000x500.jpg 1000w, https:\/\/www.erhan-ci.com\/wp-content\/uploads\/2022\/05\/Hizmet6-670x335.jpg 670w\" sizes=\"(max-width: 1200px) 100vw, 1200px\" \/>\n          <\/div>\n        <\/div>\n      <\/div>\n    <\/div>\n\t\t\t<\/div> \n\t\t<\/div>\n\t<\/div> \n<\/div><\/div>\n\t\t<div id=\"fws_69e0300f78658\"  data-column-margin=\"default\" data-midnight=\"dark\"  class=\"wpb_row vc_row-fluid vc_row\"  style=\"padding-top: 0px; padding-bottom: 0px; \"><div class=\"row-bg-wrap\" data-bg-animation=\"none\" data-bg-overlay=\"false\"><div class=\"inner-wrap\"><div class=\"row-bg viewport-desktop\"  style=\"\"><\/div><\/div><\/div><div class=\"row_col_wrap_12 col span_12 dark left\">\n\t<div  class=\"vc_col-sm-6 wpb_column column_container vc_column_container col no-extra-padding inherit_tablet inherit_phone\"  data-padding-pos=\"all\" data-has-bg-color=\"false\" data-bg-color=\"\" data-bg-opacity=\"1\" data-animation=\"\" data-delay=\"0\" >\n\t\t<div class=\"vc_column-inner\" >\n\t\t\t<div class=\"wpb_wrapper\">\n\t\t\t\t<div class=\"img-with-aniamtion-wrap center\" data-max-width=\"100%\" data-max-width-mobile=\"default\" data-shadow=\"none\" data-animation=\"fade-in\" >\n      <div class=\"inner\">\n        <div class=\"hover-wrap\"> \n          <div class=\"hover-wrap-inner\">\n            <img loading=\"lazy\" decoding=\"async\" class=\"img-with-animation skip-lazy\" data-delay=\"0\" height=\"1707\" width=\"2560\" data-animation=\"fade-in\" src=\"https:\/\/www.erhan-ci.com\/wp-content\/uploads\/2024\/07\/2-scaled.jpg\" alt=\"\" srcset=\"https:\/\/www.erhan-ci.com\/wp-content\/uploads\/2024\/07\/2-scaled.jpg 2560w, https:\/\/www.erhan-ci.com\/wp-content\/uploads\/2024\/07\/2-300x200.jpg 300w, https:\/\/www.erhan-ci.com\/wp-content\/uploads\/2024\/07\/2-1024x683.jpg 1024w, https:\/\/www.erhan-ci.com\/wp-content\/uploads\/2024\/07\/2-768x512.jpg 768w, https:\/\/www.erhan-ci.com\/wp-content\/uploads\/2024\/07\/2-1536x1024.jpg 1536w, https:\/\/www.erhan-ci.com\/wp-content\/uploads\/2024\/07\/2-2048x1365.jpg 2048w, https:\/\/www.erhan-ci.com\/wp-content\/uploads\/2024\/07\/2-18x12.jpg 18w, https:\/\/www.erhan-ci.com\/wp-content\/uploads\/2024\/07\/2-900x600.jpg 900w\" sizes=\"(max-width: 2560px) 100vw, 2560px\" \/>\n          <\/div>\n        <\/div>\n      <\/div>\n    <\/div>\n\t\t\t<\/div> \n\t\t<\/div>\n\t<\/div> \n\n\t<div  class=\"vc_col-sm-6 wpb_column column_container vc_column_container col no-extra-padding inherit_tablet inherit_phone\"  data-padding-pos=\"all\" data-has-bg-color=\"false\" data-bg-color=\"\" data-bg-opacity=\"1\" data-animation=\"\" data-delay=\"0\" >\n\t\t<div class=\"vc_column-inner\" >\n\t\t\t<div class=\"wpb_wrapper\">\n\t\t\t\t\n<div class=\"wpb_text_column wpb_content_element\" >\n\t<div class=\"wpb_wrapper\">\n\t\t<h2><strong>PRODUCTION<\/strong><\/h2>\n<p>Avec nos machines \u00e9quip\u00e9es des derni\u00e8res technologies de production et notre personnel exp\u00e9riment\u00e9, nous r\u00e9alisons des projets rapides, fiables et de haute qualit\u00e9 en accord avec les valeurs d'entreprise de nos clients.<\/p>\n\t<\/div>\n<\/div>\n\n\n\n\n\t\t\t<\/div> \n\t\t<\/div>\n\t<\/div> \n<\/div><\/div>\n\t\t<div id=\"fws_69e0300f7a75f\"  data-column-margin=\"default\" data-midnight=\"dark\"  class=\"wpb_row vc_row-fluid vc_row\"  style=\"padding-top: 0px; padding-bottom: 0px; \"><div class=\"row-bg-wrap\" data-bg-animation=\"none\" data-bg-overlay=\"false\"><div class=\"inner-wrap\"><div class=\"row-bg viewport-desktop\"  style=\"\"><\/div><\/div><\/div><div class=\"row_col_wrap_12 col span_12 dark left\">\n\t<div  class=\"vc_col-sm-6 wpb_column column_container vc_column_container col no-extra-padding inherit_tablet inherit_phone\"  data-padding-pos=\"all\" data-has-bg-color=\"false\" data-bg-color=\"\" data-bg-opacity=\"1\" data-animation=\"\" data-delay=\"0\" >\n\t\t<div class=\"vc_column-inner\" >\n\t\t\t<div class=\"wpb_wrapper\">\n\t\t\t\t\n<div class=\"wpb_text_column wpb_content_element\" >\n\t<div class=\"wpb_wrapper\">\n\t\t<h2>D\u00c9COUVERTE ET PROJET<\/h2>\n<p>Le succ\u00e8s de nos projets d\u00e9pend d'une d\u00e9couverte correcte. Avec nos \u00e9quipes exp\u00e9riment\u00e9es, nous r\u00e9alisons avec succ\u00e8s des projets avec d\u00e9tection sur site dans des d\u00e9lais courts.<\/p>\n\t<\/div>\n<\/div>\n\n\n\n\n\t\t\t<\/div> \n\t\t<\/div>\n\t<\/div> \n\n\t<div  class=\"vc_col-sm-6 wpb_column column_container vc_column_container col no-extra-padding inherit_tablet inherit_phone\"  data-padding-pos=\"all\" data-has-bg-color=\"false\" data-bg-color=\"\" data-bg-opacity=\"1\" data-animation=\"\" data-delay=\"0\" >\n\t\t<div class=\"vc_column-inner\" >\n\t\t\t<div class=\"wpb_wrapper\">\n\t\t\t\t<div class=\"img-with-aniamtion-wrap center\" data-max-width=\"100%\" data-max-width-mobile=\"default\" data-shadow=\"none\" data-animation=\"fade-in\" >\n      <div class=\"inner\">\n        <div class=\"hover-wrap\"> \n          <div class=\"hover-wrap-inner\">\n            <img loading=\"lazy\" decoding=\"async\" class=\"img-with-animation skip-lazy\" data-delay=\"0\" height=\"600\" width=\"1200\" data-animation=\"fade-in\" src=\"https:\/\/www.erhan-ci.com\/wp-content\/uploads\/2024\/07\/WhatsApp-Image-2024-07-02-at-11.42.20.jpeg\" alt=\"\" srcset=\"https:\/\/www.erhan-ci.com\/wp-content\/uploads\/2024\/07\/WhatsApp-Image-2024-07-02-at-11.42.20.jpeg 1200w, https:\/\/www.erhan-ci.com\/wp-content\/uploads\/2024\/07\/WhatsApp-Image-2024-07-02-at-11.42.20-300x150.jpeg 300w, https:\/\/www.erhan-ci.com\/wp-content\/uploads\/2024\/07\/WhatsApp-Image-2024-07-02-at-11.42.20-1024x512.jpeg 1024w, https:\/\/www.erhan-ci.com\/wp-content\/uploads\/2024\/07\/WhatsApp-Image-2024-07-02-at-11.42.20-768x384.jpeg 768w, https:\/\/www.erhan-ci.com\/wp-content\/uploads\/2024\/07\/WhatsApp-Image-2024-07-02-at-11.42.20-18x9.jpeg 18w, https:\/\/www.erhan-ci.com\/wp-content\/uploads\/2024\/07\/WhatsApp-Image-2024-07-02-at-11.42.20-1000x500.jpeg 1000w, https:\/\/www.erhan-ci.com\/wp-content\/uploads\/2024\/07\/WhatsApp-Image-2024-07-02-at-11.42.20-670x335.jpeg 670w\" sizes=\"(max-width: 1200px) 100vw, 1200px\" \/>\n          <\/div>\n        <\/div>\n      <\/div>\n    <\/div>\n\t\t\t<\/div> \n\t\t<\/div>\n\t<\/div> \n<\/div><\/div>\n\t\t<div id=\"fws_69e0300f7fc03\"  data-column-margin=\"default\" data-midnight=\"dark\"  class=\"wpb_row vc_row-fluid vc_row\"  style=\"padding-top: 0px; padding-bottom: 0px; \"><div class=\"row-bg-wrap\" data-bg-animation=\"none\" data-bg-overlay=\"false\"><div class=\"inner-wrap\"><div class=\"row-bg viewport-desktop\"  style=\"\"><\/div><\/div><\/div><div class=\"row_col_wrap_12 col span_12 dark left\">\n\t<div  class=\"vc_col-sm-6 wpb_column column_container vc_column_container col no-extra-padding inherit_tablet inherit_phone\"  data-padding-pos=\"all\" data-has-bg-color=\"false\" data-bg-color=\"\" data-bg-opacity=\"1\" data-animation=\"\" data-delay=\"0\" >\n\t\t<div class=\"vc_column-inner\" >\n\t\t\t<div class=\"wpb_wrapper\">\n\t\t\t\t<div class=\"img-with-aniamtion-wrap center\" data-max-width=\"100%\" data-max-width-mobile=\"default\" data-shadow=\"none\" data-animation=\"fade-in\" >\n      <div class=\"inner\">\n        <div class=\"hover-wrap\"> \n          <div class=\"hover-wrap-inner\">\n            <img loading=\"lazy\" decoding=\"async\" class=\"img-with-animation skip-lazy\" data-delay=\"0\" height=\"600\" width=\"1200\" data-animation=\"fade-in\" src=\"https:\/\/www.erhan-ci.com\/wp-content\/uploads\/2022\/05\/Hizmet5.jpg\" alt=\"\" srcset=\"https:\/\/www.erhan-ci.com\/wp-content\/uploads\/2022\/05\/Hizmet5.jpg 1200w, https:\/\/www.erhan-ci.com\/wp-content\/uploads\/2022\/05\/Hizmet5-300x150.jpg 300w, https:\/\/www.erhan-ci.com\/wp-content\/uploads\/2022\/05\/Hizmet5-1024x512.jpg 1024w, https:\/\/www.erhan-ci.com\/wp-content\/uploads\/2022\/05\/Hizmet5-768x384.jpg 768w, https:\/\/www.erhan-ci.com\/wp-content\/uploads\/2022\/05\/Hizmet5-1000x500.jpg 1000w, https:\/\/www.erhan-ci.com\/wp-content\/uploads\/2022\/05\/Hizmet5-670x335.jpg 670w\" sizes=\"(max-width: 1200px) 100vw, 1200px\" \/>\n          <\/div>\n        <\/div>\n      <\/div>\n    <\/div>\n\t\t\t<\/div> \n\t\t<\/div>\n\t<\/div> \n\n\t<div  class=\"vc_col-sm-6 wpb_column column_container vc_column_container col no-extra-padding inherit_tablet inherit_phone\"  data-padding-pos=\"all\" data-has-bg-color=\"false\" data-bg-color=\"\" data-bg-opacity=\"1\" data-animation=\"\" data-delay=\"0\" >\n\t\t<div class=\"vc_column-inner\" >\n\t\t\t<div class=\"wpb_wrapper\">\n\t\t\t\t\n<div class=\"wpb_text_column wpb_content_element\" >\n\t<div class=\"wpb_wrapper\">\n\t\t<h2>EXP\u00c9DITION et INSTALLATION<\/h2>\n<p>Les produits r\u00e9alis\u00e9s selon les normes du projet sont pr\u00eats \u00e0 \u00eatre exp\u00e9di\u00e9s apr\u00e8s contr\u00f4le qualit\u00e9. C'est le point o\u00f9 une production de qualit\u00e9 rencontre nos clients. Nous fournissons des services d'installation avec notre personnel exp\u00e9riment\u00e9 dans le cadre de la sant\u00e9 et de la s\u00e9curit\u00e9 du travail.<\/p>\n\t<\/div>\n<\/div>\n\n\n\n\n\t\t\t<\/div> \n\t\t<\/div>\n\t<\/div> \n<\/div><\/div>\n\t\t<div id=\"fws_69e0300f80379\"  data-column-margin=\"default\" data-midnight=\"dark\"  class=\"wpb_row vc_row-fluid vc_row\"  style=\"padding-top: 0px; padding-bottom: 0px; \"><div class=\"row-bg-wrap\" data-bg-animation=\"none\" data-bg-overlay=\"false\"><div class=\"inner-wrap\"><div class=\"row-bg viewport-desktop\"  style=\"\"><\/div><\/div><\/div><div class=\"row_col_wrap_12 col span_12 dark left\">\n\t<div  class=\"vc_col-sm-6 wpb_column column_container vc_column_container col no-extra-padding inherit_tablet inherit_phone\"  data-padding-pos=\"all\" data-has-bg-color=\"false\" data-bg-color=\"\" data-bg-opacity=\"1\" data-animation=\"\" data-delay=\"0\" >\n\t\t<div class=\"vc_column-inner\" >\n\t\t\t<div class=\"wpb_wrapper\">\n\t\t\t\t\n<div class=\"wpb_text_column wpb_content_element\" >\n\t<div class=\"wpb_wrapper\">\n\t\t<h2>GESTION DE PROJET<\/h2>\n<p>Tous les processus, de la demande du client \u00e0 la conception, de la d\u00e9couverte des mesures au dessin du projet, de la production \u00e0 la logistique et \u00e0 la fin du service d'assemblage, sont g\u00e9r\u00e9s dans le cadre du plan de projet avec le support ERP.<\/p>\n\t<\/div>\n<\/div>\n\n\n\n\n\t\t\t<\/div> \n\t\t<\/div>\n\t<\/div> \n\n\t<div  class=\"vc_col-sm-6 wpb_column column_container vc_column_container col no-extra-padding inherit_tablet inherit_phone\"  data-padding-pos=\"all\" data-has-bg-color=\"false\" data-bg-color=\"\" data-bg-opacity=\"1\" data-animation=\"\" data-delay=\"0\" >\n\t\t<div class=\"vc_column-inner\" >\n\t\t\t<div class=\"wpb_wrapper\">\n\t\t\t\t<div class=\"img-with-aniamtion-wrap center\" data-max-width=\"100%\" data-max-width-mobile=\"default\" data-shadow=\"none\" data-animation=\"fade-in\" >\n      <div class=\"inner\">\n        <div class=\"hover-wrap\"> \n          <div class=\"hover-wrap-inner\">\n            <img loading=\"lazy\" decoding=\"async\" class=\"img-with-animation skip-lazy\" data-delay=\"0\" height=\"600\" width=\"1200\" data-animation=\"fade-in\" src=\"https:\/\/www.erhan-ci.com\/wp-content\/uploads\/2022\/05\/Hizmet4.jpg\" alt=\"\" srcset=\"https:\/\/www.erhan-ci.com\/wp-content\/uploads\/2022\/05\/Hizmet4.jpg 1200w, https:\/\/www.erhan-ci.com\/wp-content\/uploads\/2022\/05\/Hizmet4-300x150.jpg 300w, https:\/\/www.erhan-ci.com\/wp-content\/uploads\/2022\/05\/Hizmet4-1024x512.jpg 1024w, https:\/\/www.erhan-ci.com\/wp-content\/uploads\/2022\/05\/Hizmet4-768x384.jpg 768w, https:\/\/www.erhan-ci.com\/wp-content\/uploads\/2022\/05\/Hizmet4-1000x500.jpg 1000w, https:\/\/www.erhan-ci.com\/wp-content\/uploads\/2022\/05\/Hizmet4-670x335.jpg 670w\" sizes=\"(max-width: 1200px) 100vw, 1200px\" \/>\n          <\/div>\n        <\/div>\n      <\/div>\n    <\/div>\n\t\t\t<\/div> \n\t\t<\/div>\n\t<\/div> \n<\/div><\/div>\n\t\t<div id=\"fws_69e0300f80aa6\"  data-column-margin=\"default\" data-midnight=\"dark\"  class=\"wpb_row vc_row-fluid vc_row\"  style=\"padding-top: 0px; padding-bottom: 0px; \"><div class=\"row-bg-wrap\" data-bg-animation=\"none\" data-bg-overlay=\"false\"><div class=\"inner-wrap\"><div class=\"row-bg viewport-desktop\"  style=\"\"><\/div><\/div><\/div><div class=\"row_col_wrap_12 col span_12 dark left\">\n\t<div  class=\"vc_col-sm-6 wpb_column column_container vc_column_container col no-extra-padding inherit_tablet inherit_phone\"  data-padding-pos=\"all\" data-has-bg-color=\"false\" data-bg-color=\"\" data-bg-opacity=\"1\" data-animation=\"\" data-delay=\"0\" >\n\t\t<div class=\"vc_column-inner\" >\n\t\t\t<div class=\"wpb_wrapper\">\n\t\t\t\t<div class=\"img-with-aniamtion-wrap center\" data-max-width=\"100%\" data-max-width-mobile=\"default\" data-shadow=\"none\" data-animation=\"fade-in\" >\n      <div class=\"inner\">\n        <div class=\"hover-wrap\"> \n          <div class=\"hover-wrap-inner\">\n            <img loading=\"lazy\" decoding=\"async\" class=\"img-with-animation skip-lazy\" data-delay=\"0\" height=\"1707\" width=\"2560\" data-animation=\"fade-in\" src=\"https:\/\/www.erhan-ci.com\/wp-content\/uploads\/2024\/07\/3-scaled.jpg\" alt=\"\" srcset=\"https:\/\/www.erhan-ci.com\/wp-content\/uploads\/2024\/07\/3-scaled.jpg 2560w, https:\/\/www.erhan-ci.com\/wp-content\/uploads\/2024\/07\/3-300x200.jpg 300w, https:\/\/www.erhan-ci.com\/wp-content\/uploads\/2024\/07\/3-1024x683.jpg 1024w, https:\/\/www.erhan-ci.com\/wp-content\/uploads\/2024\/07\/3-768x512.jpg 768w, https:\/\/www.erhan-ci.com\/wp-content\/uploads\/2024\/07\/3-1536x1024.jpg 1536w, https:\/\/www.erhan-ci.com\/wp-content\/uploads\/2024\/07\/3-2048x1365.jpg 2048w, https:\/\/www.erhan-ci.com\/wp-content\/uploads\/2024\/07\/3-18x12.jpg 18w, https:\/\/www.erhan-ci.com\/wp-content\/uploads\/2024\/07\/3-900x600.jpg 900w\" sizes=\"(max-width: 2560px) 100vw, 2560px\" \/>\n          <\/div>\n        <\/div>\n      <\/div>\n    <\/div>\n\t\t\t<\/div> \n\t\t<\/div>\n\t<\/div> \n\n\t<div  class=\"vc_col-sm-6 wpb_column column_container vc_column_container col no-extra-padding inherit_tablet inherit_phone\"  data-padding-pos=\"all\" data-has-bg-color=\"false\" data-bg-color=\"\" data-bg-opacity=\"1\" data-animation=\"\" data-delay=\"0\" >\n\t\t<div class=\"vc_column-inner\" >\n\t\t\t<div class=\"wpb_wrapper\">\n\t\t\t\t\n<div class=\"wpb_text_column wpb_content_element\" >\n\t<div class=\"wpb_wrapper\">\n\t\t<h2>SERVICE ET ENTRETIEN<\/h2>\n<p>Les services que nous fournissons sont sous garantie et nous vous fournissons l'assurance que vous \u00eates avec nous une fois le travail livr\u00e9 avec nos \u00e9quipes expertes de service et de maintenance.<\/p>\n\t<\/div>\n<\/div>\n\n\n\n\n\t\t\t<\/div> \n\t\t<\/div>\n\t<\/div> \n<\/div><\/div>","protected":false},"excerpt":{"rendered":"DESIGN In line with the demands and expectations of our customers, we design corporate identity application projects with our experienced design team and prepare them ready for production. PRODUCTION With...","protected":false},"author":2,"featured_media":0,"parent":0,"menu_order":0,"comment_status":"closed","ping_status":"closed","template":"","meta":{"footnotes":""},"_links":{"self":[{"href":"https:\/\/www.erhan-ci.com\/fr\/wp-json\/wp\/v2\/pages\/5982"}],"collection":[{"href":"https:\/\/www.erhan-ci.com\/fr\/wp-json\/wp\/v2\/pages"}],"about":[{"href":"https:\/\/www.erhan-ci.com\/fr\/wp-json\/wp\/v2\/types\/page"}],"author":[{"embeddable":true,"href":"https:\/\/www.erhan-ci.com\/fr\/wp-json\/wp\/v2\/users\/2"}],"replies":[{"embeddable":true,"href":"https:\/\/www.erhan-ci.com\/fr\/wp-json\/wp\/v2\/comments?post=5982"}],"version-history":[{"count":16,"href":"https:\/\/www.erhan-ci.com\/fr\/wp-json\/wp\/v2\/pages\/5982\/revisions"}],"predecessor-version":[{"id":7054,"href":"https:\/\/www.erhan-ci.com\/fr\/wp-json\/wp\/v2\/pages\/5982\/revisions\/7054"}],"wp:attachment":[{"href":"https:\/\/www.erhan-ci.com\/fr\/wp-json\/wp\/v2\/media?parent=5982"}],"curies":[{"name":"wp","href":"https:\/\/api.w.org\/{rel}","templated":true}]}}