{"id":7006,"date":"2024-11-01T13:10:24","date_gmt":"2024-11-01T10:10:24","guid":{"rendered":"https:\/\/www.erhan-ci.com\/?page_id=7006"},"modified":"2025-01-15T16:10:23","modified_gmt":"2025-01-15T13:10:23","slug":"brochures","status":"publish","type":"page","link":"https:\/\/www.erhan-ci.com\/fr\/brochures\/","title":{"rendered":"Documents"},"content":{"rendered":"<div id=\"fws_69ec7f07e0fe8\"  data-column-margin=\"\" data-midnight=\"\"  class=\"wpb_row vc_row-fluid vc_row\"  style=\"padding-top: 0px; padding-bottom: 0px; \"><div class=\"row-bg-wrap\" data-bg-animation=\"\" data-bg-overlay=\"false\"><div class=\"inner-wrap\"><div class=\"row-bg viewport-desktop\"  style=\"\"><\/div><\/div><\/div><div class=\"row_col_wrap_12 col span_12\">\n\t<div  class=\"vc_col-sm-12 wpb_column column_container vc_column_container col no-extra-padding inherit_tablet inherit_phone\"  data-padding-pos=\"all\" data-has-bg-color=\"false\" data-bg-color=\"\" data-bg-opacity=\"1\" data-animation=\"\" data-delay=\"0\" >\n\t\t<div class=\"vc_column-inner\" >\n\t\t\t<div class=\"wpb_wrapper\">\n\t\t\t\t\n\t<div class=\"wpb_video_widget wpb_content_element vc_clearfix   vc_video-aspect-ratio-169 vc_video-el-width-100 vc_video-align-center\" >\n\t\t<div class=\"wpb_wrapper\">\n\t\t\t\n\t\t\t<div class=\"wpb_video_wrapper\"><iframe loading=\"lazy\" title=\"Erhan Reklam \u2022 Cr\u00e9ation d&#039;un syst\u00e8me d&#039;information g\u00e9ographique\" width=\"1080\" height=\"608\" src=\"https:\/\/www.youtube.com\/embed\/fl9n3mxh8-o?start=37&feature=oembed\" frameborder=\"0\" allow=\"accelerometer; autoplay; clipboard-write; encrypted-media; gyroscope; picture-in-picture; web-share\" referrerpolicy=\"strict-origin-when-cross-origin\" allowfullscreen><\/iframe><\/div>\n\t\t<\/div>\n\t<\/div>\n\n\t\t\t<\/div> \n\t\t<\/div>\n\t<\/div> \n<\/div><\/div>\n\t\t<div id=\"fws_69ec7f0801e3f\"  data-column-margin=\"default\" data-midnight=\"dark\"  class=\"wpb_row vc_row-fluid vc_row\"  style=\"padding-top: 0px; padding-bottom: 0px; \"><div class=\"row-bg-wrap\" data-bg-animation=\"none\" data-bg-overlay=\"false\"><div class=\"inner-wrap\"><div class=\"row-bg viewport-desktop\"  style=\"\"><\/div><\/div><\/div><div class=\"row_col_wrap_12 col span_12 dark left\">\n\t<div  class=\"vc_col-sm-12 wpb_column column_container vc_column_container col no-extra-padding inherit_tablet inherit_phone\"  data-padding-pos=\"all\" data-has-bg-color=\"false\" data-bg-color=\"\" data-bg-opacity=\"1\" data-animation=\"\" data-delay=\"0\" >\n\t\t<div class=\"vc_column-inner\" >\n\t\t\t<div class=\"wpb_wrapper\">\n\t\t\t\t<h4 style=\"text-align: center\" class=\"vc_custom_heading\" >Vous pouvez t\u00e9l\u00e9charger notre catalogue dans diff\u00e9rentes langues \u00e0 partir des liens ci-dessous<\/h4>\n\t\t\t<\/div> \n\t\t<\/div>\n\t<\/div> \n<\/div><\/div>\n\t\t<div id=\"fws_69ec7f0807ef5\"  data-column-margin=\"default\" data-midnight=\"dark\"  class=\"wpb_row vc_row-fluid vc_row\"  style=\"padding-top: 0px; padding-bottom: 0px; \"><div class=\"row-bg-wrap\" data-bg-animation=\"none\" data-bg-overlay=\"false\"><div class=\"inner-wrap using-image\"><div class=\"row-bg viewport-desktop using-image\"  style=\"background-position: left top; background-repeat: no-repeat; \"><\/div><\/div><\/div><div class=\"row_col_wrap_12 col span_12 dark left\">\n\t<div  class=\"vc_col-sm-1\/5 wpb_column column_container vc_column_container col centered-text no-extra-padding inherit_tablet inherit_phone\"  data-padding-pos=\"all\" data-has-bg-color=\"false\" data-bg-color=\"\" data-bg-opacity=\"1\" data-animation=\"\" data-delay=\"0\" >\n\t\t<div class=\"vc_column-inner\" >\n\t\t\t<div class=\"wpb_wrapper\">\n\t\t\t\t<div class=\"img-with-aniamtion-wrap\" data-max-width=\"100%\" data-max-width-mobile=\"default\" data-shadow=\"none\" data-animation=\"fade-in\" >\n      <div class=\"inner\">\n        <div class=\"hover-wrap\"> \n          <div class=\"hover-wrap-inner\">\n            <a href=\"http:\/\/www.erhan-ci.com\/wp-content\/uploads\/2025\/01\/TEMIZ_RUSCA_2.pdf\" target=\"_self\" class=\"\">\n              <img loading=\"lazy\" decoding=\"async\" class=\"img-with-animation skip-lazy\" data-delay=\"0\" height=\"92\" width=\"130\" data-animation=\"fade-in\" src=\"https:\/\/www.erhan-ci.com\/wp-content\/uploads\/2025\/01\/RUSYA-VE-ISPANYA-BAYRAGI-011-3.png\" alt=\"\" srcset=\"https:\/\/www.erhan-ci.com\/wp-content\/uploads\/2025\/01\/RUSYA-VE-ISPANYA-BAYRAGI-011-3.png 130w, https:\/\/www.erhan-ci.com\/wp-content\/uploads\/2025\/01\/RUSYA-VE-ISPANYA-BAYRAGI-011-3-18x12.png 18w\" sizes=\"(max-width: 130px) 100vw, 130px\" \/>\n            <\/a>\n          <\/div>\n        <\/div>\n      <\/div>\n      <\/div><div class=\"img-with-aniamtion-wrap\" data-max-width=\"100%\" data-max-width-mobile=\"default\" data-shadow=\"none\" data-animation=\"fade-in\" >\n      <div class=\"inner\">\n        <div class=\"hover-wrap\"> \n          <div class=\"hover-wrap-inner\">\n            <a href=\"http:\/\/www.erhan-ci.com\/wp-content\/uploads\/2024\/11\/INGILIZCE_KATALOG.pdf\" target=\"_blank\" class=\"\">\n              <img loading=\"lazy\" decoding=\"async\" class=\"img-with-animation skip-lazy\" data-delay=\"0\" height=\"92\" width=\"113\" data-animation=\"fade-in\" src=\"https:\/\/www.erhan-ci.com\/wp-content\/uploads\/2024\/11\/Asset-1-1.png\" alt=\"\" srcset=\"https:\/\/www.erhan-ci.com\/wp-content\/uploads\/2024\/11\/Asset-1-1.png 113w, https:\/\/www.erhan-ci.com\/wp-content\/uploads\/2024\/11\/Asset-1-1-15x12.png 15w\" sizes=\"(max-width: 113px) 100vw, 113px\" \/>\n            <\/a>\n          <\/div>\n        <\/div>\n      <\/div>\n      <\/div>\n\t\t\t<\/div> \n\t\t<\/div>\n\t<\/div> \n\n\t<div  class=\"vc_col-sm-1\/5 wpb_column column_container vc_column_container col centered-text no-extra-padding inherit_tablet inherit_phone\"  data-padding-pos=\"all\" data-has-bg-color=\"false\" data-bg-color=\"\" data-bg-opacity=\"1\" data-animation=\"\" data-delay=\"0\" >\n\t\t<div class=\"vc_column-inner\" >\n\t\t\t<div class=\"wpb_wrapper\">\n\t\t\t\t<div class=\"img-with-aniamtion-wrap\" data-max-width=\"100%\" data-max-width-mobile=\"default\" data-shadow=\"none\" data-animation=\"fade-in\" >\n      <div class=\"inner\">\n        <div class=\"hover-wrap\"> \n          <div class=\"hover-wrap-inner\">\n            <a href=\"http:\/\/www.erhan-ci.com\/wp-content\/uploads\/2024\/11\/AMHARCA_KATALOG.pdf\" target=\"_self\" class=\"\">\n              <img loading=\"lazy\" decoding=\"async\" class=\"img-with-animation skip-lazy\" data-delay=\"0\" height=\"93\" width=\"123\" data-animation=\"fade-in\" src=\"https:\/\/www.erhan-ci.com\/wp-content\/uploads\/2024\/11\/Asset-7ar.png\" alt=\"\" srcset=\"https:\/\/www.erhan-ci.com\/wp-content\/uploads\/2024\/11\/Asset-7ar.png 123w, https:\/\/www.erhan-ci.com\/wp-content\/uploads\/2024\/11\/Asset-7ar-16x12.png 16w\" sizes=\"(max-width: 123px) 100vw, 123px\" \/>\n            <\/a>\n          <\/div>\n        <\/div>\n      <\/div>\n      <\/div><div class=\"img-with-aniamtion-wrap\" data-max-width=\"100%\" data-max-width-mobile=\"default\" data-shadow=\"none\" data-animation=\"fade-in\" >\n      <div class=\"inner\">\n        <div class=\"hover-wrap\"> \n          <div class=\"hover-wrap-inner\">\n            <a href=\"http:\/\/www.erhan-ci.com\/wp-content\/uploads\/2024\/11\/FRANSIZCA_KATALOG.pdf\" target=\"_blank\" class=\"\">\n              <img loading=\"lazy\" decoding=\"async\" class=\"img-with-animation skip-lazy\" data-delay=\"0\" height=\"92\" width=\"130\" data-animation=\"fade-in\" src=\"https:\/\/www.erhan-ci.com\/wp-content\/uploads\/2024\/11\/Asset-3fr-2.png\" alt=\"\" srcset=\"https:\/\/www.erhan-ci.com\/wp-content\/uploads\/2024\/11\/Asset-3fr-2.png 130w, https:\/\/www.erhan-ci.com\/wp-content\/uploads\/2024\/11\/Asset-3fr-2-18x12.png 18w\" sizes=\"(max-width: 130px) 100vw, 130px\" \/>\n            <\/a>\n          <\/div>\n        <\/div>\n      <\/div>\n      <\/div>\n\t\t\t<\/div> \n\t\t<\/div>\n\t<\/div> \n\n\t<div  class=\"vc_col-sm-1\/5 wpb_column column_container vc_column_container col centered-text no-extra-padding inherit_tablet inherit_phone\"  data-padding-pos=\"all\" data-has-bg-color=\"false\" data-bg-color=\"\" data-bg-opacity=\"1\" data-animation=\"\" data-delay=\"0\" >\n\t\t<div class=\"vc_column-inner\" >\n\t\t\t<div class=\"wpb_wrapper\">\n\t\t\t\t<div class=\"img-with-aniamtion-wrap\" data-max-width=\"100%\" data-max-width-mobile=\"default\" data-shadow=\"none\" data-animation=\"fade-in\" >\n      <div class=\"inner\">\n        <div class=\"hover-wrap\"> \n          <div class=\"hover-wrap-inner\">\n            <a href=\"http:\/\/www.erhan-ci.com\/wp-content\/uploads\/2024\/11\/ARAPCA_KATALOG-sikistirildi.pdf\" target=\"_blank\" class=\"\">\n              <img loading=\"lazy\" decoding=\"async\" class=\"img-with-animation skip-lazy\" data-delay=\"0\" height=\"110\" width=\"100\" data-animation=\"fade-in\" src=\"https:\/\/www.erhan-ci.com\/wp-content\/uploads\/2024\/11\/Asset-4ar.png\" alt=\"\" srcset=\"https:\/\/www.erhan-ci.com\/wp-content\/uploads\/2024\/11\/Asset-4ar.png 100w, https:\/\/www.erhan-ci.com\/wp-content\/uploads\/2024\/11\/Asset-4ar-11x12.png 11w\" sizes=\"(max-width: 100px) 100vw, 100px\" \/>\n            <\/a>\n          <\/div>\n        <\/div>\n      <\/div>\n      <\/div>\n\t\t\t<\/div> \n\t\t<\/div>\n\t<\/div> \n\n\t<div  class=\"vc_col-sm-1\/5 wpb_column column_container vc_column_container col centered-text no-extra-padding inherit_tablet inherit_phone\"  data-padding-pos=\"all\" data-has-bg-color=\"false\" data-bg-color=\"\" data-bg-opacity=\"1\" data-animation=\"\" data-delay=\"0\" >\n\t\t<div class=\"vc_column-inner\" >\n\t\t\t<div class=\"wpb_wrapper\">\n\t\t\t\t<div class=\"img-with-aniamtion-wrap\" data-max-width=\"100%\" data-max-width-mobile=\"default\" data-shadow=\"none\" data-animation=\"fade-in\" >\n      <div class=\"inner\">\n        <div class=\"hover-wrap\"> \n          <div class=\"hover-wrap-inner\">\n            <a href=\"http:\/\/www.erhan-ci.com\/wp-content\/uploads\/2024\/11\/FARSCA_KATALOG.pdf\" target=\"_blank\" class=\"\">\n              <img loading=\"lazy\" decoding=\"async\" class=\"img-with-animation skip-lazy\" data-delay=\"0\" height=\"123\" width=\"121\" data-animation=\"fade-in\" src=\"https:\/\/www.erhan-ci.com\/wp-content\/uploads\/2024\/11\/Asset-6ar.png\" alt=\"\" srcset=\"https:\/\/www.erhan-ci.com\/wp-content\/uploads\/2024\/11\/Asset-6ar.png 121w, https:\/\/www.erhan-ci.com\/wp-content\/uploads\/2024\/11\/Asset-6ar-12x12.png 12w\" sizes=\"(max-width: 121px) 100vw, 121px\" \/>\n            <\/a>\n          <\/div>\n        <\/div>\n      <\/div>\n      <\/div>\n\t\t\t<\/div> \n\t\t<\/div>\n\t<\/div> \n\n\t<div  class=\"vc_col-sm-1\/5 wpb_column column_container vc_column_container col centered-text no-extra-padding inherit_tablet inherit_phone\"  data-padding-pos=\"all\" data-has-bg-color=\"false\" data-bg-color=\"\" data-bg-opacity=\"1\" data-animation=\"\" data-delay=\"0\" >\n\t\t<div class=\"vc_column-inner\" >\n\t\t\t<div class=\"wpb_wrapper\">\n\t\t\t\t<div class=\"img-with-aniamtion-wrap\" data-max-width=\"100%\" data-max-width-mobile=\"default\" data-shadow=\"none\" data-animation=\"fade-in\" >\n      <div class=\"inner\">\n        <div class=\"hover-wrap\"> \n          <div class=\"hover-wrap-inner\">\n            <a href=\"http:\/\/www.erhan-ci.com\/wp-content\/uploads\/2025\/01\/TEMIZ_ISPANYOLCA_2.pdf\" target=\"_self\" class=\"\">\n              <img loading=\"lazy\" decoding=\"async\" class=\"img-with-animation skip-lazy\" data-delay=\"0\" height=\"92\" width=\"123\" data-animation=\"fade-in\" src=\"https:\/\/www.erhan-ci.com\/wp-content\/uploads\/2025\/01\/RUSYA-VE-ISPANYA-BAYRAGI-022.png\" alt=\"\" srcset=\"https:\/\/www.erhan-ci.com\/wp-content\/uploads\/2025\/01\/RUSYA-VE-ISPANYA-BAYRAGI-022.png 123w, https:\/\/www.erhan-ci.com\/wp-content\/uploads\/2025\/01\/RUSYA-VE-ISPANYA-BAYRAGI-022-16x12.png 16w\" sizes=\"(max-width: 123px) 100vw, 123px\" \/>\n            <\/a>\n          <\/div>\n        <\/div>\n      <\/div>\n      <\/div>\n\t\t\t<\/div> \n\t\t<\/div>\n\t<\/div> \n<\/div><\/div>","protected":false},"excerpt":{"rendered":"Vous pouvez t\u00e9l\u00e9charger notre catalogue dans diff\u00e9rentes langues \u00e0 partir des liens ci-dessous","protected":false},"author":2,"featured_media":0,"parent":0,"menu_order":0,"comment_status":"closed","ping_status":"closed","template":"","meta":{"footnotes":""},"_links":{"self":[{"href":"https:\/\/www.erhan-ci.com\/fr\/wp-json\/wp\/v2\/pages\/7006"}],"collection":[{"href":"https:\/\/www.erhan-ci.com\/fr\/wp-json\/wp\/v2\/pages"}],"about":[{"href":"https:\/\/www.erhan-ci.com\/fr\/wp-json\/wp\/v2\/types\/page"}],"author":[{"embeddable":true,"href":"https:\/\/www.erhan-ci.com\/fr\/wp-json\/wp\/v2\/users\/2"}],"replies":[{"embeddable":true,"href":"https:\/\/www.erhan-ci.com\/fr\/wp-json\/wp\/v2\/comments?post=7006"}],"version-history":[{"count":29,"href":"https:\/\/www.erhan-ci.com\/fr\/wp-json\/wp\/v2\/pages\/7006\/revisions"}],"predecessor-version":[{"id":7078,"href":"https:\/\/www.erhan-ci.com\/fr\/wp-json\/wp\/v2\/pages\/7006\/revisions\/7078"}],"wp:attachment":[{"href":"https:\/\/www.erhan-ci.com\/fr\/wp-json\/wp\/v2\/media?parent=7006"}],"curies":[{"name":"wp","href":"https:\/\/api.w.org\/{rel}","templated":true}]}}